{"id":57,"date":"2023-09-11T21:26:09","date_gmt":"2023-09-11T21:26:09","guid":{"rendered":"https:\/\/silviaescobar.com\/?page_id=57"},"modified":"2024-09-22T05:02:51","modified_gmt":"2024-09-22T05:02:51","slug":"about-me","status":"publish","type":"page","link":"https:\/\/silviaescobar.com\/es\/about-me\/","title":{"rendered":"Acerca de mi"},"content":{"rendered":"<p>Si pudiera nombrar una sola cosa que me llena de alegr\u00eda, ser\u00eda mejorar. Ya sea en mi fe, que es tan importante para m\u00ed, en mi vida como mujer latina o en mis relaciones con mi esposo y mis hijos, ser una estudiante de por vida es mi cosa favorita. Mi segunda cosa favorita es compartir lo que aprendo con los dem\u00e1s. Si puedo ayudarle a evitar algunos de mis errores o compartir herramientas que me han ayudado y que pueden ayudarle a alcanzar sus metas, me llena r\u00e1pidamente de gratitud, esperanza y entusiasmo por aprender lo siguiente que pueda compartir.<\/p>\n\n\n\n<p>Arturo y yo nos casamos en 1985. Tenemos seis hijos adultos y dos nietas. Esas dos frases llevan en s\u00ed toda una vida de experiencias, alegr\u00edas, dolor y desaf\u00edos. En este blog ir\u00e9 revelando pedazos de mi historia que se relacionan con las lecciones y herramientas que comparto. <\/p>\n\n\n\n<p>Como mencion\u00e9 antes, mi fe es muy importante para m\u00ed, as\u00ed que la ver\u00e1 reflejada a lo largo de mis escritos. <\/p>\n\n\n\n<p>Espero que este blog le sea de ayuda. Por favor, si\u00e9ntase libre de comentar o dejar un mensaje. Mi deseo y oraci\u00f3n es que se sienta animado(a), inspirado(a), iluminado(a) y fortalecido(a) por lo que he aprendido y ahora comparto con usted.  <\/p>\n\n\n\n<p><\/p>","protected":false},"excerpt":{"rendered":"<p>If I could name one thing that fills me with joy, it&#8217;s improving. Whether it be in my faith, that is so important to me, my life as a Latina woman or my relationships with my husband and my children, being a life long student is my favorite thing. My second favorite thing is sharing&hellip; <a class=\"more-link\" href=\"https:\/\/silviaescobar.com\/es\/about-me\/\">Seguir leyendo <span class=\"screen-reader-text\">Acerca de mi<\/span><\/a><\/p>","protected":false},"author":1,"featured_media":215,"parent":0,"menu_order":0,"comment_status":"closed","ping_status":"closed","template":"","meta":{"nf_dc_page":"","om_disable_all_campaigns":false,"_monsterinsights_skip_tracking":false,"_monsterinsights_sitenote_active":false,"_monsterinsights_sitenote_note":"","_monsterinsights_sitenote_category":0,"footnotes":""},"class_list":["post-57","page","type-page","status-publish","has-post-thumbnail","hentry","entry"],"yoast_head":"<!-- This site is optimized with the Yoast SEO plugin v27.4 - https:\/\/yoast.com\/product\/yoast-seo-wordpress\/ -->\n<title>About Me - Coffee Time Reflections with Silvia Escobar<\/title>\n<meta name=\"robots\" content=\"index, follow, max-snippet:-1, max-image-preview:large, max-video-preview:-1\" \/>\n<link rel=\"canonical\" href=\"https:\/\/silviaescobar.com\/es\/about-me\/\" \/>\n<meta property=\"og:locale\" content=\"es_MX\" \/>\n<meta property=\"og:type\" content=\"article\" \/>\n<meta property=\"og:title\" content=\"About Me - Coffee Time Reflections with Silvia Escobar\" \/>\n<meta property=\"og:description\" content=\"If I could name one thing that fills me with joy, it&#8217;s improving. Whether it be in my faith, that is so important to me, my life as a Latina woman or my relationships with my husband and my children, being a life long student is my favorite thing. My second favorite thing is sharing&hellip; Seguir leyendo About Me\" \/>\n<meta property=\"og:url\" content=\"https:\/\/silviaescobar.com\/es\/about-me\/\" \/>\n<meta property=\"og:site_name\" content=\"Coffee Time Reflections with Silvia Escobar\" \/>\n<meta property=\"article:modified_time\" content=\"2024-09-22T05:02:51+00:00\" \/>\n<meta property=\"og:image\" content=\"https:\/\/silviaescobar.com\/wp-content\/uploads\/2024\/09\/IMG_7337.jpeg\" \/>\n\t<meta property=\"og:image:width\" content=\"1541\" \/>\n\t<meta property=\"og:image:height\" content=\"2048\" \/>\n\t<meta property=\"og:image:type\" content=\"image\/jpeg\" \/>\n<meta name=\"twitter:card\" content=\"summary_large_image\" \/>\n<meta name=\"twitter:label1\" content=\"Tiempo de lectura\" \/>\n\t<meta name=\"twitter:data1\" content=\"2 minutos\" \/>\n<script type=\"application\/ld+json\" class=\"yoast-schema-graph\">{\"@context\":\"https:\\\/\\\/schema.org\",\"@graph\":[{\"@type\":[\"WebPage\",\"CollectionPage\"],\"@id\":\"https:\\\/\\\/silviaescobar.com\\\/about-me\\\/\",\"url\":\"https:\\\/\\\/silviaescobar.com\\\/about-me\\\/\",\"name\":\"About Me - Coffee Time Reflections with Silvia Escobar\",\"isPartOf\":{\"@id\":\"https:\\\/\\\/silviaescobar.com\\\/#website\"},\"primaryImageOfPage\":{\"@id\":\"https:\\\/\\\/silviaescobar.com\\\/about-me\\\/#primaryimage\"},\"image\":{\"@id\":\"https:\\\/\\\/silviaescobar.com\\\/about-me\\\/#primaryimage\"},\"thumbnailUrl\":\"https:\\\/\\\/i0.wp.com\\\/silviaescobar.com\\\/wp-content\\\/uploads\\\/2024\\\/09\\\/IMG_7337.jpeg?fit=1541%2C2048&ssl=1\",\"datePublished\":\"2023-09-11T21:26:09+00:00\",\"dateModified\":\"2024-09-22T05:02:51+00:00\",\"breadcrumb\":{\"@id\":\"https:\\\/\\\/silviaescobar.com\\\/about-me\\\/#breadcrumb\"},\"inLanguage\":\"es\"},{\"@type\":\"ImageObject\",\"inLanguage\":\"es\",\"@id\":\"https:\\\/\\\/silviaescobar.com\\\/about-me\\\/#primaryimage\",\"url\":\"https:\\\/\\\/i0.wp.com\\\/silviaescobar.com\\\/wp-content\\\/uploads\\\/2024\\\/09\\\/IMG_7337.jpeg?fit=1541%2C2048&ssl=1\",\"contentUrl\":\"https:\\\/\\\/i0.wp.com\\\/silviaescobar.com\\\/wp-content\\\/uploads\\\/2024\\\/09\\\/IMG_7337.jpeg?fit=1541%2C2048&ssl=1\",\"width\":1541,\"height\":2048},{\"@type\":\"BreadcrumbList\",\"@id\":\"https:\\\/\\\/silviaescobar.com\\\/about-me\\\/#breadcrumb\",\"itemListElement\":[{\"@type\":\"ListItem\",\"position\":1,\"name\":\"Home\",\"item\":\"https:\\\/\\\/silviaescobar.com\\\/\"},{\"@type\":\"ListItem\",\"position\":2,\"name\":\"About Me\"}]},{\"@type\":\"WebSite\",\"@id\":\"https:\\\/\\\/silviaescobar.com\\\/#website\",\"url\":\"https:\\\/\\\/silviaescobar.com\\\/\",\"name\":\"Coffee Time Reflections with Silvia Escobar\",\"description\":\"When the right and opportune moment comes for speaking, say something that will edify. ~Thomas a Kempis\",\"potentialAction\":[{\"@type\":\"SearchAction\",\"target\":{\"@type\":\"EntryPoint\",\"urlTemplate\":\"https:\\\/\\\/silviaescobar.com\\\/?s={search_term_string}\"},\"query-input\":{\"@type\":\"PropertyValueSpecification\",\"valueRequired\":true,\"valueName\":\"search_term_string\"}}],\"inLanguage\":\"es\"}]}<\/script>\n<!-- \/ Yoast SEO plugin. -->","yoast_head_json":{"title":"About Me - Coffee Time Reflections with Silvia Escobar","robots":{"index":"index","follow":"follow","max-snippet":"max-snippet:-1","max-image-preview":"max-image-preview:large","max-video-preview":"max-video-preview:-1"},"canonical":"https:\/\/silviaescobar.com\/es\/about-me\/","og_locale":"es_MX","og_type":"article","og_title":"About Me - Coffee Time Reflections with Silvia Escobar","og_description":"If I could name one thing that fills me with joy, it&#8217;s improving. Whether it be in my faith, that is so important to me, my life as a Latina woman or my relationships with my husband and my children, being a life long student is my favorite thing. My second favorite thing is sharing&hellip; Seguir leyendo About Me","og_url":"https:\/\/silviaescobar.com\/es\/about-me\/","og_site_name":"Coffee Time Reflections with Silvia Escobar","article_modified_time":"2024-09-22T05:02:51+00:00","og_image":[{"width":1541,"height":2048,"url":"https:\/\/silviaescobar.com\/wp-content\/uploads\/2024\/09\/IMG_7337.jpeg","type":"image\/jpeg"}],"twitter_card":"summary_large_image","twitter_misc":{"Tiempo de lectura":"2 minutos"},"schema":{"@context":"https:\/\/schema.org","@graph":[{"@type":["WebPage","CollectionPage"],"@id":"https:\/\/silviaescobar.com\/about-me\/","url":"https:\/\/silviaescobar.com\/about-me\/","name":"About Me - Coffee Time Reflections with Silvia Escobar","isPartOf":{"@id":"https:\/\/silviaescobar.com\/#website"},"primaryImageOfPage":{"@id":"https:\/\/silviaescobar.com\/about-me\/#primaryimage"},"image":{"@id":"https:\/\/silviaescobar.com\/about-me\/#primaryimage"},"thumbnailUrl":"https:\/\/i0.wp.com\/silviaescobar.com\/wp-content\/uploads\/2024\/09\/IMG_7337.jpeg?fit=1541%2C2048&ssl=1","datePublished":"2023-09-11T21:26:09+00:00","dateModified":"2024-09-22T05:02:51+00:00","breadcrumb":{"@id":"https:\/\/silviaescobar.com\/about-me\/#breadcrumb"},"inLanguage":"es"},{"@type":"ImageObject","inLanguage":"es","@id":"https:\/\/silviaescobar.com\/about-me\/#primaryimage","url":"https:\/\/i0.wp.com\/silviaescobar.com\/wp-content\/uploads\/2024\/09\/IMG_7337.jpeg?fit=1541%2C2048&ssl=1","contentUrl":"https:\/\/i0.wp.com\/silviaescobar.com\/wp-content\/uploads\/2024\/09\/IMG_7337.jpeg?fit=1541%2C2048&ssl=1","width":1541,"height":2048},{"@type":"BreadcrumbList","@id":"https:\/\/silviaescobar.com\/about-me\/#breadcrumb","itemListElement":[{"@type":"ListItem","position":1,"name":"Home","item":"https:\/\/silviaescobar.com\/"},{"@type":"ListItem","position":2,"name":"About Me"}]},{"@type":"WebSite","@id":"https:\/\/silviaescobar.com\/#website","url":"https:\/\/silviaescobar.com\/","name":"Coffee Time Reflections with Silvia Escobar","description":"When the right and opportune moment comes for speaking, say something that will edify. ~Thomas a Kempis","potentialAction":[{"@type":"SearchAction","target":{"@type":"EntryPoint","urlTemplate":"https:\/\/silviaescobar.com\/?s={search_term_string}"},"query-input":{"@type":"PropertyValueSpecification","valueRequired":true,"valueName":"search_term_string"}}],"inLanguage":"es"}]}},"jetpack_sharing_enabled":true,"_links":{"self":[{"href":"https:\/\/silviaescobar.com\/es\/wp-json\/wp\/v2\/pages\/57","targetHints":{"allow":["GET"]}}],"collection":[{"href":"https:\/\/silviaescobar.com\/es\/wp-json\/wp\/v2\/pages"}],"about":[{"href":"https:\/\/silviaescobar.com\/es\/wp-json\/wp\/v2\/types\/page"}],"author":[{"embeddable":true,"href":"https:\/\/silviaescobar.com\/es\/wp-json\/wp\/v2\/users\/1"}],"replies":[{"embeddable":true,"href":"https:\/\/silviaescobar.com\/es\/wp-json\/wp\/v2\/comments?post=57"}],"version-history":[{"count":3,"href":"https:\/\/silviaescobar.com\/es\/wp-json\/wp\/v2\/pages\/57\/revisions"}],"predecessor-version":[{"id":219,"href":"https:\/\/silviaescobar.com\/es\/wp-json\/wp\/v2\/pages\/57\/revisions\/219"}],"wp:featuredmedia":[{"embeddable":true,"href":"https:\/\/silviaescobar.com\/es\/wp-json\/wp\/v2\/media\/215"}],"wp:attachment":[{"href":"https:\/\/silviaescobar.com\/es\/wp-json\/wp\/v2\/media?parent=57"}],"curies":[{"name":"wp","href":"https:\/\/api.w.org\/{rel}","templated":true}]}}